{"id":1823,"date":"2018-03-20T16:27:26","date_gmt":"2018-03-20T19:27:26","guid":{"rendered":"http:\/\/websap2023.intranet.ciasc.gov.br\/diretoria-administrativa-e-financeira\/"},"modified":"2026-04-15T16:13:43","modified_gmt":"2026-04-15T19:13:43","slug":"diretoria-administrativa-e-financeira","status":"publish","type":"page","link":"https:\/\/sejuri.sc.gov.br\/en\/diretoria-administrativa-e-financeira\/","title":{"rendered":"DIRETORIA DE ADMINISTRA\u00c7\u00c3O E FINAN\u00c7AS"},"content":{"rendered":"<h2>DIRETORIA DE ADMINISTRA\u00c7\u00c3O E FINAN\u00c7AS<\/h2>\n<p><strong>Diretor de Administra\u00e7\u00e3o e Finan\u00e7as<\/strong><br \/>\nAnt\u00f4nio Jos\u00e9 Linhares<br \/>\n<span id=\"cloak63041\"><a href=\"mailto:diaf@sejuri.sc.gov.br\">diaf@sejuri.sc.gov.br<\/a><\/span> &#8211; (48) 3664-5877<\/p>\n<p><strong>Gerente de Tecnologia da Informa\u00e7\u00e3o<\/strong><br \/>\nRenato Fernandes Silva<br \/>\n<span id=\"cloak93045\"><a href=\"mailto:getin@sejuri.sc.gov.br\">getin@sejuri.sc.gov.br<\/a><\/span> &#8211; (48) 3664-5830<\/p>\n<p><strong>Gerente de Administra\u00e7\u00e3o e Finan\u00e7as<\/strong><br \/>\nRicardo da Silveira Nunes<br \/>\n<span id=\"cloak17297\"><a href=\"mailto:geafc@sejuri.sc.gov.br\">geafc@sejuri.sc.gov.br<\/a><\/span> &#8211; (48) 3664-5833<\/p>\n<p><strong>Gerente de Gest\u00e3o de Pessoas<\/strong><br \/>\nAna Paula Medeiros da Silva<br \/>\n<span id=\"cloak88016\"><a href=\"mailto:gepes@sejuri.sc.gov.br\">gepes@sejuri.sc.gov.br<\/a><\/span> &#8211; (48) 3664-5916<\/p>\n<p><strong>Gerente de Frota<\/strong><br \/>\nRoberto da Silva<br \/>\n<a href=\"mailto:gfrot@sejuri.sc.gov.br\">gfrot@sejuri.sc.gov.br<\/a>\u00a0&#8211; (48) 3664-5859<\/p>\n<p><strong>Gerente de Apoio Operacional<\/strong><\/p>\n<p><a href=\"mailto:geapo@sejuri.sc.gov.br\">geapo@sejuri.sc.gov.br<\/a>\u00a0&#8211; (48) 3664-5851<\/p>\n<p><strong>Gerente de Gest\u00e3o de Fundos e Conv\u00eanios<\/strong><br \/>\nMaria Janice de Oliveira<br \/>\n<a href=\"mailto:gefun@sejuri.sc.gov.br\">gefun@sejuri.sc.gov.br<\/a>\u00a0&#8211; (48) 3664-5900<\/p>\n<p><strong>Gerente de Materiais e Log\u00edstica<\/strong><br \/>\nJeferson Joel Ferreira<br \/>\n<a href=\"mailto:gemal@sejuri.sc.gov.br\"><span id=\"cloak41654\">gemal@sejuri.sc.gov.br<\/span><\/a> &#8211; (48) 3664-2800<\/p>\n<p><strong>Gerente de Licita\u00e7\u00f5es e Contratos<\/strong><br \/>\nCintia Zimmermann<br \/>\n<span id=\"cloak57556\"><a href=\"mailto:gelic@sejuri.sc.gov.br\">gelic@sejuri.sc.gov.br<\/a><\/span> &#8211; (48) 3664-5858<\/p>\n<p><strong>Gerente de Planejamento e Or\u00e7amento<\/strong><br \/>\nRosmari de Oliveira<br \/>\n<span id=\"cloak57556\"><a href=\"mailto:gepla@sejuri.sc.gov.br\">gepla@sejuri.sc.gov.br<\/a><\/span> &#8211; (48) 3664-5782<\/p>\n<p><strong>Gerente T\u00e9cnica de Edifica\u00e7\u00f5es<\/strong><br \/>\nDiego Rafael Pires<br \/>\n<span id=\"cloak41654\"><a href=\"mailto:geted@sejuri.sc.gov.br\">geted@sejuri.sc.gov.br<\/a><\/span> &#8211; (48) 3664-5890<\/p>\n<p><strong>Gerente de Nutri\u00e7\u00e3o<\/strong><br \/>\nMarcela Rutkosky Pacheco<br \/>\n<a href=\"mailto:genut@sejuri.sc.gov.br\"><span id=\"cloak41654\">genut@sejuri.sc.gov.br<\/span><\/a> &#8211; (48) 3664-5865<\/p>","protected":false},"excerpt":{"rendered":"<p>DIRETORIA DE ADMINISTRA\u00c7\u00c3O E FINAN\u00c7AS Diretor de Administra\u00e7\u00e3o e Finan\u00e7as Ant\u00f4nio Jos\u00e9 Linhares diaf@sejuri.sc.gov.br &#8211; (48) 3664-5877 Gerente de Tecnologia da Informa\u00e7\u00e3o Renato Fernandes Silva getin@sejuri.sc.gov.br &#8211; (48) 3664-5830 Gerente de Administra\u00e7\u00e3o e Finan\u00e7as Ricardo da Silveira Nunes geafc@sejuri.sc.gov.br &#8211; (48) 3664-5833 Gerente de Gest\u00e3o de Pessoas Ana Paula Medeiros da Silva gepes@sejuri.sc.gov.br &#8211; (48) [&hellip;]<\/p>\n","protected":false},"author":6,"featured_media":0,"parent":0,"menu_order":6,"comment_status":"closed","ping_status":"closed","template":"template-fullwidth.php","meta":{"_monsterinsights_skip_tracking":false,"_monsterinsights_sitenote_active":false,"_monsterinsights_sitenote_note":"","_monsterinsights_sitenote_category":0,"footnotes":"","_wp_rev_ctl_limit":""},"categories":[68],"tags":[],"publishpress_future_action":{"enabled":false,"date":"2026-05-19 19:20:40","action":"change-status","newStatus":"draft","terms":[],"taxonomy":"category"},"publishpress_future_workflow_manual_trigger":{"enabledWorkflows":[]},"_links":{"self":[{"href":"https:\/\/sejuri.sc.gov.br\/en\/wp-json\/wp\/v2\/pages\/1823"}],"collection":[{"href":"https:\/\/sejuri.sc.gov.br\/en\/wp-json\/wp\/v2\/pages"}],"about":[{"href":"https:\/\/sejuri.sc.gov.br\/en\/wp-json\/wp\/v2\/types\/page"}],"author":[{"embeddable":true,"href":"https:\/\/sejuri.sc.gov.br\/en\/wp-json\/wp\/v2\/users\/6"}],"replies":[{"embeddable":true,"href":"https:\/\/sejuri.sc.gov.br\/en\/wp-json\/wp\/v2\/comments?post=1823"}],"version-history":[{"count":1,"href":"https:\/\/sejuri.sc.gov.br\/en\/wp-json\/wp\/v2\/pages\/1823\/revisions"}],"predecessor-version":[{"id":24568,"href":"https:\/\/sejuri.sc.gov.br\/en\/wp-json\/wp\/v2\/pages\/1823\/revisions\/24568"}],"wp:attachment":[{"href":"https:\/\/sejuri.sc.gov.br\/en\/wp-json\/wp\/v2\/media?parent=1823"}],"wp:term":[{"taxonomy":"category","embeddable":true,"href":"https:\/\/sejuri.sc.gov.br\/en\/wp-json\/wp\/v2\/categories?post=1823"},{"taxonomy":"post_tag","embeddable":true,"href":"https:\/\/sejuri.sc.gov.br\/en\/wp-json\/wp\/v2\/tags?post=1823"}],"curies":[{"name":"wp","href":"https:\/\/api.w.org\/{rel}","templated":true}]}}