{"id":1825,"date":"2018-03-20T16:28:24","date_gmt":"2018-03-20T19:28:24","guid":{"rendered":"http:\/\/websap2023.intranet.ciasc.gov.br\/diretoria-de-inteligencia-e-informacao\/"},"modified":"2024-12-11T11:25:53","modified_gmt":"2024-12-11T14:25:53","slug":"diretoria-de-inteligencia-e-informacao","status":"publish","type":"page","link":"https:\/\/sejuri.sc.gov.br\/en\/diretoria-de-inteligencia-e-informacao\/","title":{"rendered":"DIRETORIA DE INTELIG\u00caNCIA E INFORMA\u00c7\u00c3O"},"content":{"rendered":"<h2>DIRETORIA DE INTELIG\u00caNCIA E INFORMA\u00c7\u00c3O<\/h2>\n<p><strong>Diretor de Intelig\u00eancia e Informa\u00e7\u00e3o<\/strong><br \/>\nMarcelo Flores Forbici<br \/>\n<span id=\"cloak81442\"><a href=\"mailto:dinf@sejuri.sc.gov.br\">dinf@sejuri.sc.gov.br<\/a>\u00a0<\/span>&#8211; (48) 3665-7379<\/p>\n<p><strong>Gerente de Contraintelig\u00eancia<\/strong><br \/>\nLeonardo Makowiesky<br \/>\n<a href=\"mailto:gecon@sejuri.sc.gov.br\">gecon@sejuri.sc.gov.br<\/a> &#8211; (48) 3665-7367<\/p>\n<p><strong>Gerente de Intelig\u00eancia<\/strong><br \/>\nS\u00edlvia Caroline dos Santos Heerdt<br \/>\n<a href=\"mailto:geint@sejuri.sc.gov.br\"><span id=\"cloak81442\">geint@sejuri.sc.gov.br<\/span><\/a>\u00a0&#8211; (48) 3665-7369<\/p>\n<p><strong>Coordenador da Divis\u00e3o de Intelig\u00eancia Socioeducativa<\/strong><\/p>\n<p><a href=\"mailto:codis@sejuri.sc.gov.br\"><span id=\"cloak81442\">codis@sejuri.sc.gov.br<\/span><\/a>\u00a0&#8211; (48) 3665-7373<\/p>\n<p><strong>Coordenador da Divis\u00e3o de Gest\u00e3o de Riscos<\/strong><\/p>\n<p><a href=\"mailto:codgr@sejuri.sc.gov.br\"><span id=\"cloak81442\">codgr@sejuri.sc.gov.br<\/span><\/a>\u00a0&#8211; (48) 3665-7370<\/p>","protected":false},"excerpt":{"rendered":"<p>DIRETORIA DE INTELIG\u00caNCIA E INFORMA\u00c7\u00c3O Diretor de Intelig\u00eancia e Informa\u00e7\u00e3o Marcelo Flores Forbici dinf@sejuri.sc.gov.br\u00a0&#8211; (48) 3665-7379 Gerente de Contraintelig\u00eancia Leonardo Makowiesky gecon@sejuri.sc.gov.br &#8211; (48) 3665-7367 Gerente de Intelig\u00eancia S\u00edlvia Caroline dos Santos Heerdt geint@sejuri.sc.gov.br\u00a0&#8211; (48) 3665-7369 Coordenador da Divis\u00e3o de Intelig\u00eancia Socioeducativa codis@sejuri.sc.gov.br\u00a0&#8211; (48) 3665-7373 Coordenador da Divis\u00e3o de Gest\u00e3o de Riscos codgr@sejuri.sc.gov.br\u00a0&#8211; (48) 3665-7370<\/p>","protected":false},"author":6,"featured_media":0,"parent":0,"menu_order":7,"comment_status":"closed","ping_status":"closed","template":"template-fullwidth.php","meta":{"_monsterinsights_skip_tracking":false,"_monsterinsights_sitenote_active":false,"_monsterinsights_sitenote_note":"","_monsterinsights_sitenote_category":0,"footnotes":"","_wp_rev_ctl_limit":""},"categories":[68],"tags":[],"publishpress_future_action":{"enabled":false,"date":"2026-05-19 19:49:07","action":"change-status","newStatus":"draft","terms":[],"taxonomy":"category"},"publishpress_future_workflow_manual_trigger":{"enabledWorkflows":[]},"_links":{"self":[{"href":"https:\/\/sejuri.sc.gov.br\/en\/wp-json\/wp\/v2\/pages\/1825"}],"collection":[{"href":"https:\/\/sejuri.sc.gov.br\/en\/wp-json\/wp\/v2\/pages"}],"about":[{"href":"https:\/\/sejuri.sc.gov.br\/en\/wp-json\/wp\/v2\/types\/page"}],"author":[{"embeddable":true,"href":"https:\/\/sejuri.sc.gov.br\/en\/wp-json\/wp\/v2\/users\/6"}],"replies":[{"embeddable":true,"href":"https:\/\/sejuri.sc.gov.br\/en\/wp-json\/wp\/v2\/comments?post=1825"}],"version-history":[{"count":0,"href":"https:\/\/sejuri.sc.gov.br\/en\/wp-json\/wp\/v2\/pages\/1825\/revisions"}],"wp:attachment":[{"href":"https:\/\/sejuri.sc.gov.br\/en\/wp-json\/wp\/v2\/media?parent=1825"}],"wp:term":[{"taxonomy":"category","embeddable":true,"href":"https:\/\/sejuri.sc.gov.br\/en\/wp-json\/wp\/v2\/categories?post=1825"},{"taxonomy":"post_tag","embeddable":true,"href":"https:\/\/sejuri.sc.gov.br\/en\/wp-json\/wp\/v2\/tags?post=1825"}],"curies":[{"name":"wp","href":"https:\/\/api.w.org\/{rel}","templated":true}]}}