{"id":21238,"date":"2025-05-30T17:02:29","date_gmt":"2025-05-30T20:02:29","guid":{"rendered":"https:\/\/sejuri.sc.gov.br\/?page_id=21238"},"modified":"2025-05-30T17:19:44","modified_gmt":"2025-05-30T20:19:44","slug":"ordem-de-pagamentos-2025","status":"publish","type":"page","link":"https:\/\/sejuri.sc.gov.br\/en\/ordem-de-pagamentos-2025\/","title":{"rendered":"ORDEM DE PAGAMENTOS &#8211; 2025"},"content":{"rendered":"<h1><strong>ORDEM DE PAGAMENTOS<\/strong><\/h1>\n<style>.wp-show-posts-columns#wpsp-21233 {margin-left: -2em; }.wp-show-posts-columns#wpsp-21233 .wp-show-posts-inner {margin: 0 0 2em 2em; }<\/style><section id=\"wpsp-21233\" class=\"wp-show-posts\" style=\"\"><article class=\"wp-show-posts-single wpsp-clearfix post-24188 post type-post status-publish format-standard hentry category-ordem-de-pagamentos-sejuri-2026 category-ordens-de-pagamento-2025-sap\" itemtype=\"http:\/\/schema.org\/CreativeWork\" itemscope><div class=\"wp-show-posts-inner\" style=\"\">\t\t\t\t\t\t<header class=\"wp-show-posts-entry-header\">\n\t\t\t\t\t\t\t<h2 class=\"wp-show-posts-entry-title\" itemprop=\"headline\"><a href=\"https:\/\/sejuri.sc.gov.br\/en\/ordem-de-pagamentos-sejuri-2026\/\" rel=\"bookmark\">ORDEM DE PAGAMENTOS &#8211; SEJURI 2026<\/a><\/h2><div class=\"wp-show-posts-entry-meta wp-show-posts-entry-meta-below-title post-meta-inline\"><span class=\"wp-show-posts-posted-on wp-show-posts-meta\">\n\t\t\t\t\t<a href=\"https:\/\/sejuri.sc.gov.br\/en\/ordem-de-pagamentos-sejuri-2026\/\" title=\"17:55\" rel=\"bookmark\"><time class=\"wp-show-posts-entry-date published\" datetime=\"2026-03-10T17:55:49-03:00\" itemprop=\"datePublished\">10 de March de 2026<\/time><time class=\"wp-show-posts-updated\" datetime=\"2026-03-10T17:56:40-03:00\" itemprop=\"dateModified\">10 de March de 2026<\/time><\/a>\n\t\t\t\t<\/span><\/div>\t\t\t\t\t\t<\/header><!-- .entry-header -->\n\t\t\t\t\t\t\t\t\t\t\t<div class=\"wp-show-posts-entry-summary\" itemprop=\"text\">\n\t\t\t\t\t\t\t<p>Lista de Pagamentos de Janeiro de 2026 Decis\u00e3o &#8211; Pagamentos Fora de Ordem Cronol\u00f3gica &#8211; Janeiro 2026 Lista de Pagamentos de Fevereiro de 2026 Decis\u00e3o &#8211; Pagamentos Fora de Ordem Cronol\u00f3gica &#8211; Fevereiro 2026<\/p>\n\t\t\t\t\t\t<\/div><!-- .entry-summary -->\n\t\t\t\t\t<div class=\"wpsp-read-more\"><a title=\"ORDEM DE PAGAMENTOS &#8211; SEJURI 2026\" class=\"wp-show-posts-read-more\" href=\"https:\/\/sejuri.sc.gov.br\/en\/ordem-de-pagamentos-sejuri-2026\/\">Leia mais ...<\/a><\/div><\/div><!-- wp-show-posts-inner --><div class=\"wpsp-clear\"><\/div><\/article><article class=\"wp-show-posts-single wpsp-clearfix post-21236 post type-post status-publish format-standard hentry category-ordens-de-pagamento-2025-sap\" itemtype=\"http:\/\/schema.org\/CreativeWork\" itemscope><div class=\"wp-show-posts-inner\" style=\"\">\t\t\t\t\t\t<header class=\"wp-show-posts-entry-header\">\n\t\t\t\t\t\t\t<h2 class=\"wp-show-posts-entry-title\" itemprop=\"headline\"><a href=\"https:\/\/sejuri.sc.gov.br\/en\/ordem-de-pagamentos-sejuri-2025\/\" rel=\"bookmark\">ORDEM DE PAGAMENTOS &#8211; SEJURI 2025<\/a><\/h2><div class=\"wp-show-posts-entry-meta wp-show-posts-entry-meta-below-title post-meta-inline\"><span class=\"wp-show-posts-posted-on wp-show-posts-meta\">\n\t\t\t\t\t<a href=\"https:\/\/sejuri.sc.gov.br\/en\/ordem-de-pagamentos-sejuri-2025\/\" title=\"14:41\" rel=\"bookmark\"><time class=\"wp-show-posts-entry-date published\" datetime=\"2025-05-30T14:41:48-03:00\" itemprop=\"datePublished\">30 de May de 2025<\/time><time class=\"wp-show-posts-updated\" datetime=\"2026-03-10T17:51:03-03:00\" itemprop=\"dateModified\">10 de March de 2026<\/time><\/a>\n\t\t\t\t<\/span><\/div>\t\t\t\t\t\t<\/header><!-- .entry-header -->\n\t\t\t\t\t\t\t\t\t\t\t<div class=\"wp-show-posts-entry-summary\" itemprop=\"text\">\n\t\t\t\t\t\t\t<p>Lista de Pagamentos de Janeiro de 2025 Decis\u00e3o &#8211; Pagamentos Fora de Ordem Cronol\u00f3gica &#8211; Janeiro 2025 Lista de Pagamentos de Fevereiro de 2025 Decis\u00e3o &#8211; Pagamentos Fora de Ordem Cronol\u00f3gica &#8211; Fevereiro 2025 Lista de Pagamentos de Mar\u00e7o de 2025 Decis\u00e3o &#8211; Pagamentos Fora de Ordem Cronol\u00f3gica &#8211; Mar\u00e7o&#8230;<\/p>\n\t\t\t\t\t\t<\/div><!-- .entry-summary -->\n\t\t\t\t\t<div class=\"wpsp-read-more\"><a title=\"ORDEM DE PAGAMENTOS &#8211; SEJURI 2025\" class=\"wp-show-posts-read-more\" href=\"https:\/\/sejuri.sc.gov.br\/en\/ordem-de-pagamentos-sejuri-2025\/\">Leia mais ...<\/a><\/div><\/div><!-- wp-show-posts-inner --><div class=\"wpsp-clear\"><\/div><\/article><\/section><!-- .wp-show-posts -->","protected":false},"excerpt":{"rendered":"<p>ORDEM DE PAGAMENTOS<\/p>","protected":false},"author":13,"featured_media":0,"parent":0,"menu_order":0,"comment_status":"closed","ping_status":"closed","template":"","meta":{"_monsterinsights_skip_tracking":false,"_monsterinsights_sitenote_active":false,"_monsterinsights_sitenote_note":"","_monsterinsights_sitenote_category":0,"footnotes":"","_wp_rev_ctl_limit":""},"categories":[1406],"tags":[],"publishpress_future_action":{"enabled":false,"date":"2026-05-19 19:14:33","action":"change-status","newStatus":"draft","terms":[],"taxonomy":"category"},"publishpress_future_workflow_manual_trigger":{"enabledWorkflows":[]},"_links":{"self":[{"href":"https:\/\/sejuri.sc.gov.br\/en\/wp-json\/wp\/v2\/pages\/21238"}],"collection":[{"href":"https:\/\/sejuri.sc.gov.br\/en\/wp-json\/wp\/v2\/pages"}],"about":[{"href":"https:\/\/sejuri.sc.gov.br\/en\/wp-json\/wp\/v2\/types\/page"}],"author":[{"embeddable":true,"href":"https:\/\/sejuri.sc.gov.br\/en\/wp-json\/wp\/v2\/users\/13"}],"replies":[{"embeddable":true,"href":"https:\/\/sejuri.sc.gov.br\/en\/wp-json\/wp\/v2\/comments?post=21238"}],"version-history":[{"count":0,"href":"https:\/\/sejuri.sc.gov.br\/en\/wp-json\/wp\/v2\/pages\/21238\/revisions"}],"wp:attachment":[{"href":"https:\/\/sejuri.sc.gov.br\/en\/wp-json\/wp\/v2\/media?parent=21238"}],"wp:term":[{"taxonomy":"category","embeddable":true,"href":"https:\/\/sejuri.sc.gov.br\/en\/wp-json\/wp\/v2\/categories?post=21238"},{"taxonomy":"post_tag","embeddable":true,"href":"https:\/\/sejuri.sc.gov.br\/en\/wp-json\/wp\/v2\/tags?post=21238"}],"curies":[{"name":"wp","href":"https:\/\/api.w.org\/{rel}","templated":true}]}}