{"id":22725,"date":"2025-10-15T16:55:56","date_gmt":"2025-10-15T19:55:56","guid":{"rendered":"https:\/\/sejuri.sc.gov.br\/?page_id=22725"},"modified":"2026-02-09T14:27:06","modified_gmt":"2026-02-09T17:27:06","slug":"conselho-superior-de-policia-penal-cspp","status":"publish","type":"page","link":"https:\/\/sejuri.sc.gov.br\/en\/conselho-superior-de-policia-penal-cspp\/","title":{"rendered":"Conselho Superior de Pol\u00edcia Penal &#8211; CSPP"},"content":{"rendered":"<div data-elementor-type=\"wp-page\" data-elementor-id=\"22725\" class=\"elementor elementor-22725\" data-elementor-settings=\"{&quot;ha_cmc_init_switcher&quot;:&quot;no&quot;}\">\n\t\t\t\t<div class=\"elementor-element elementor-element-a6be8d4 e-flex e-con-boxed e-con e-parent\" data-id=\"a6be8d4\" data-element_type=\"container\" data-settings=\"{&quot;_ha_eqh_enable&quot;:false}\">\n\t\t\t\t\t<div class=\"e-con-inner\">\n\t\t\t\t<div class=\"elementor-element elementor-element-9c86d8b elementor-widget elementor-widget-heading\" data-id=\"9c86d8b\" data-element_type=\"widget\" data-widget_type=\"heading.default\">\n\t\t\t\t<div class=\"elementor-widget-container\">\n\t\t\t\t\t<h2 class=\"elementor-heading-title elementor-size-default\">DEPARTAMENTO DE POL\u00cdCIA PENAL<\/h2>\t\t\t\t<\/div>\n\t\t\t\t<\/div>\n\t\t\t\t\t<\/div>\n\t\t\t\t<\/div>\n\t\t<div class=\"elementor-element elementor-element-74f126a e-flex e-con-boxed e-con e-parent\" data-id=\"74f126a\" data-element_type=\"container\" data-settings=\"{&quot;_ha_eqh_enable&quot;:false}\">\n\t\t\t\t\t<div class=\"e-con-inner\">\n\t\t\t\t<div class=\"elementor-element elementor-element-57458e5 elementor-widget elementor-widget-text-editor\" data-id=\"57458e5\" data-element_type=\"widget\" data-widget_type=\"text-editor.default\">\n\t\t\t\t<div class=\"elementor-widget-container\">\n\t\t\t\t\t\t\t\t\t<h1>CONSELHO SUPERIOR DE POL\u00cdCIA PENAL &#8211; CSPP<\/h1>\t\t\t\t\t\t\t\t<\/div>\n\t\t\t\t<\/div>\n\t\t\t\t\t<\/div>\n\t\t\t\t<\/div>\n\t\t<div class=\"elementor-element elementor-element-ba97b6b e-flex e-con-boxed e-con e-parent\" data-id=\"ba97b6b\" data-element_type=\"container\" data-settings=\"{&quot;_ha_eqh_enable&quot;:false}\">\n\t\t\t\t\t<div class=\"e-con-inner\">\n\t\t\t\t<div class=\"elementor-element elementor-element-d89a57d elementor-widget__width-initial elementor-widget-mobile__width-initial elementor-widget-tablet_extra__width-initial elementor-widget elementor-widget-sina_content_box\" data-id=\"d89a57d\" data-element_type=\"widget\" data-widget_type=\"sina_content_box.default\">\n\t\t\t\t<div class=\"elementor-widget-container\">\n\t\t\t\t\t\t\t<div class=\"sina-content-box clearfix sina-content-box-zoom\">\r\n\r\n\t\t\t\t\t\t\t<a class=\"sina-content-box-linkable\"\r\n\t\t\t\thref=\"https:\/\/sejuri.sc.gov.br\/en\/sobre-o-cspp\/\"\r\n\t\t\t\t\t\t\t\t><\/a>\r\n\t\t\t\r\n\t\t\t\r\n\t\t\t\t\t\t\t\t\t\t\t\t\t\t<div class=\"sina-content-box-icon\">\r\n\t\t\t\t\t\t\t<i class=\"icofont icofont-briefcase\"><\/i>\r\n\t\t\t\t\t\t<\/div>\r\n\t\t\t\t\t\r\n\t\t\t\t\t<div class=\"sina-content-box-content\">\r\n\t\t\t\t\t\t\t\t\t\t\t\t\t<h3 class=\"sina-content-box-title\">\r\n\t\t\t\t\t\t\t\t\t\t\t\t\t\t\t\t\t<a href=\"https:\/\/sejuri.sc.gov.br\/en\/sobre-o-cspp\/\"\r\n\t\t\t\t\t\t\t\t\t\t\t\t\t\t\t\t\t\t\t\t>\r\n\t\t\t\t\t\t\t\t\t\tCSPP\t\t\t\t\t\t\t\t\t<\/a>\r\n\t\t\t\t\t\t\t\t\t\t\t\t\t\t\t<\/h3>\r\n\t\t\t\t\t\t\r\n\t\t\t\t\t\t\r\n\t\t\t\t\t\t\t\t\t\t\t<\/div>\r\n\t\t\t\t\t<\/div><!-- .sina-content-box -->\r\n\t\t\t\t\t\t<\/div>\n\t\t\t\t<\/div>\n\t\t\t\t<div class=\"elementor-element elementor-element-a897d47 elementor-widget__width-initial elementor-widget-mobile__width-initial elementor-widget-tablet_extra__width-initial elementor-widget elementor-widget-sina_content_box\" data-id=\"a897d47\" data-element_type=\"widget\" data-widget_type=\"sina_content_box.default\">\n\t\t\t\t<div class=\"elementor-widget-container\">\n\t\t\t\t\t\t\t<div class=\"sina-content-box clearfix sina-content-box-zoom\">\r\n\r\n\t\t\t\t\t\t\t<a class=\"sina-content-box-linkable\"\r\n\t\t\t\thref=\"https:\/\/sejuri.sc.gov.br\/en\/membros-cspp\/\"\r\n\t\t\t\t\t\t\t\t><\/a>\r\n\t\t\t\r\n\t\t\t\r\n\t\t\t\t\t\t\t\t\t\t\t\t\t\t<div class=\"sina-content-box-icon\">\r\n\t\t\t\t\t\t\t<i class=\"icofont icofont-ui-user-group\"><\/i>\r\n\t\t\t\t\t\t<\/div>\r\n\t\t\t\t\t\r\n\t\t\t\t\t<div class=\"sina-content-box-content\">\r\n\t\t\t\t\t\t\t\t\t\t\t\t\t<h3 class=\"sina-content-box-title\">\r\n\t\t\t\t\t\t\t\t\t\t\t\t\t\t\t\t\t<a href=\"https:\/\/sejuri.sc.gov.br\/en\/membros-cspp\/\"\r\n\t\t\t\t\t\t\t\t\t\t\t\t\t\t\t\t\t\t\t\t>\r\n\t\t\t\t\t\t\t\t\t\tMEMBROS\t\t\t\t\t\t\t\t\t<\/a>\r\n\t\t\t\t\t\t\t\t\t\t\t\t\t\t\t<\/h3>\r\n\t\t\t\t\t\t\r\n\t\t\t\t\t\t\r\n\t\t\t\t\t\t\t\t\t\t\t<\/div>\r\n\t\t\t\t\t<\/div><!-- .sina-content-box -->\r\n\t\t\t\t\t\t<\/div>\n\t\t\t\t<\/div>\n\t\t\t\t<div class=\"elementor-element elementor-element-881681b elementor-widget__width-initial elementor-widget-mobile__width-initial elementor-widget-tablet_extra__width-initial elementor-widget elementor-widget-sina_content_box\" data-id=\"881681b\" data-element_type=\"widget\" data-widget_type=\"sina_content_box.default\">\n\t\t\t\t<div class=\"elementor-widget-container\">\n\t\t\t\t\t\t\t<div class=\"sina-content-box clearfix sina-content-box-zoom\">\r\n\r\n\t\t\t\t\t\t\t<a class=\"sina-content-box-linkable\"\r\n\t\t\t\thref=\"https:\/\/sejuri.sc.gov.br\/en\/legislacao\/\"\r\n\t\t\t\t\t\t\t\t><\/a>\r\n\t\t\t\r\n\t\t\t\r\n\t\t\t\t\t\t\t\t\t\t\t\t\t\t<div class=\"sina-content-box-icon\">\r\n\t\t\t\t\t\t\t<i class=\"icofont icofont-law\"><\/i>\r\n\t\t\t\t\t\t<\/div>\r\n\t\t\t\t\t\r\n\t\t\t\t\t<div class=\"sina-content-box-content\">\r\n\t\t\t\t\t\t\t\t\t\t\t\t\t<h3 class=\"sina-content-box-title\">\r\n\t\t\t\t\t\t\t\t\t\t\t\t\t\t\t\t\t<a href=\"https:\/\/sejuri.sc.gov.br\/en\/legislacao\/\"\r\n\t\t\t\t\t\t\t\t\t\t\t\t\t\t\t\t\t\t\t\t>\r\n\t\t\t\t\t\t\t\t\t\tLEGISLA\u00c7\u00c3O\t\t\t\t\t\t\t\t\t<\/a>\r\n\t\t\t\t\t\t\t\t\t\t\t\t\t\t\t<\/h3>\r\n\t\t\t\t\t\t\r\n\t\t\t\t\t\t\r\n\t\t\t\t\t\t\t\t\t\t\t<\/div>\r\n\t\t\t\t\t<\/div><!-- .sina-content-box -->\r\n\t\t\t\t\t\t<\/div>\n\t\t\t\t<\/div>\n\t\t\t\t<div class=\"elementor-element elementor-element-1f7393c elementor-widget__width-initial elementor-widget-mobile__width-initial elementor-widget-tablet_extra__width-initial elementor-widget elementor-widget-sina_content_box\" data-id=\"1f7393c\" data-element_type=\"widget\" data-widget_type=\"sina_content_box.default\">\n\t\t\t\t<div class=\"elementor-widget-container\">\n\t\t\t\t\t\t\t<div class=\"sina-content-box clearfix sina-content-box-zoom\">\r\n\r\n\t\t\t\t\t\t\t<a class=\"sina-content-box-linkable\"\r\n\t\t\t\thref=\"https:\/\/sejuri.sc.gov.br\/en\/ata-de-reuniao-cspp\/\"\r\n\t\t\t\t\t\t\t\t><\/a>\r\n\t\t\t\r\n\t\t\t\r\n\t\t\t\t\t\t\t\t\t\t\t\t\t\t<div class=\"sina-content-box-icon\">\r\n\t\t\t\t\t\t\t<i class=\"icofont icofont-list\"><\/i>\r\n\t\t\t\t\t\t<\/div>\r\n\t\t\t\t\t\r\n\t\t\t\t\t<div class=\"sina-content-box-content\">\r\n\t\t\t\t\t\t\t\t\t\t\t\t\t<h3 class=\"sina-content-box-title\">\r\n\t\t\t\t\t\t\t\t\t\t\t\t\t\t\t\t\t<a href=\"https:\/\/sejuri.sc.gov.br\/en\/ata-de-reuniao-cspp\/\"\r\n\t\t\t\t\t\t\t\t\t\t\t\t\t\t\t\t\t\t\t\t>\r\n\t\t\t\t\t\t\t\t\t\tATA DE REUNI\u00c3O\t\t\t\t\t\t\t\t\t<\/a>\r\n\t\t\t\t\t\t\t\t\t\t\t\t\t\t\t<\/h3>\r\n\t\t\t\t\t\t\r\n\t\t\t\t\t\t\r\n\t\t\t\t\t\t\t\t\t\t\t<\/div>\r\n\t\t\t\t\t<\/div><!-- .sina-content-box -->\r\n\t\t\t\t\t\t<\/div>\n\t\t\t\t<\/div>\n\t\t\t\t<div class=\"elementor-element elementor-element-61ce5cc elementor-widget__width-initial elementor-widget-mobile__width-initial elementor-widget-tablet_extra__width-initial elementor-widget elementor-widget-sina_content_box\" data-id=\"61ce5cc\" data-element_type=\"widget\" data-widget_type=\"sina_content_box.default\">\n\t\t\t\t<div class=\"elementor-widget-container\">\n\t\t\t\t\t\t\t<div class=\"sina-content-box clearfix sina-content-box-zoom\">\r\n\r\n\t\t\t\t\t\t\t<a class=\"sina-content-box-linkable\"\r\n\t\t\t\thref=\"https:\/\/sejuri.sc.gov.br\/en\/eleicao-cspp\/\"\r\n\t\t\t\t\t\t\t\t><\/a>\r\n\t\t\t\r\n\t\t\t\r\n\t\t\t\t\t\t\t\t\t\t\t\t\t\t<div class=\"sina-content-box-icon\">\r\n\t\t\t\t\t\t\t<i class=\"icofont icofont-checked\"><\/i>\r\n\t\t\t\t\t\t<\/div>\r\n\t\t\t\t\t\r\n\t\t\t\t\t<div class=\"sina-content-box-content\">\r\n\t\t\t\t\t\t\t\t\t\t\t\t\t<h3 class=\"sina-content-box-title\">\r\n\t\t\t\t\t\t\t\t\t\t\t\t\t\t\t\t\t<a href=\"https:\/\/sejuri.sc.gov.br\/en\/eleicao-cspp\/\"\r\n\t\t\t\t\t\t\t\t\t\t\t\t\t\t\t\t\t\t\t\t>\r\n\t\t\t\t\t\t\t\t\t\tELEI\u00c7\u00c3O\t\t\t\t\t\t\t\t\t<\/a>\r\n\t\t\t\t\t\t\t\t\t\t\t\t\t\t\t<\/h3>\r\n\t\t\t\t\t\t\r\n\t\t\t\t\t\t\r\n\t\t\t\t\t\t\t\t\t\t\t<\/div>\r\n\t\t\t\t\t<\/div><!-- .sina-content-box -->\r\n\t\t\t\t\t\t<\/div>\n\t\t\t\t<\/div>\n\t\t\t\t\t<\/div>\n\t\t\t\t<\/div>\n\t\t\t\t<\/div>","protected":false},"excerpt":{"rendered":"<p>DEPARTAMENTO DE POL\u00cdCIA PENAL CONSELHO SUPERIOR DE POL\u00cdCIA PENAL &#8211; CSPP CSPP MEMBROS LEGISLA\u00c7\u00c3O ATA DE REUNI\u00c3O ELEI\u00c7\u00c3O<\/p>","protected":false},"author":13,"featured_media":0,"parent":0,"menu_order":0,"comment_status":"closed","ping_status":"closed","template":"","meta":{"_monsterinsights_skip_tracking":false,"_monsterinsights_sitenote_active":false,"_monsterinsights_sitenote_note":"","_monsterinsights_sitenote_category":0,"footnotes":"","_wp_rev_ctl_limit":""},"categories":[],"tags":[],"publishpress_future_action":{"enabled":false,"date":"2026-04-17 04:59:53","action":"change-status","newStatus":"draft","terms":[],"taxonomy":"category"},"publishpress_future_workflow_manual_trigger":{"enabledWorkflows":[]},"_links":{"self":[{"href":"https:\/\/sejuri.sc.gov.br\/en\/wp-json\/wp\/v2\/pages\/22725"}],"collection":[{"href":"https:\/\/sejuri.sc.gov.br\/en\/wp-json\/wp\/v2\/pages"}],"about":[{"href":"https:\/\/sejuri.sc.gov.br\/en\/wp-json\/wp\/v2\/types\/page"}],"author":[{"embeddable":true,"href":"https:\/\/sejuri.sc.gov.br\/en\/wp-json\/wp\/v2\/users\/13"}],"replies":[{"embeddable":true,"href":"https:\/\/sejuri.sc.gov.br\/en\/wp-json\/wp\/v2\/comments?post=22725"}],"version-history":[{"count":3,"href":"https:\/\/sejuri.sc.gov.br\/en\/wp-json\/wp\/v2\/pages\/22725\/revisions"}],"predecessor-version":[{"id":23951,"href":"https:\/\/sejuri.sc.gov.br\/en\/wp-json\/wp\/v2\/pages\/22725\/revisions\/23951"}],"wp:attachment":[{"href":"https:\/\/sejuri.sc.gov.br\/en\/wp-json\/wp\/v2\/media?parent=22725"}],"wp:term":[{"taxonomy":"category","embeddable":true,"href":"https:\/\/sejuri.sc.gov.br\/en\/wp-json\/wp\/v2\/categories?post=22725"},{"taxonomy":"post_tag","embeddable":true,"href":"https:\/\/sejuri.sc.gov.br\/en\/wp-json\/wp\/v2\/tags?post=22725"}],"curies":[{"name":"wp","href":"https:\/\/api.w.org\/{rel}","templated":true}]}}