{"id":22767,"date":"2025-10-15T16:53:27","date_gmt":"2025-10-15T19:53:27","guid":{"rendered":"https:\/\/sejuri.sc.gov.br\/?page_id=22767"},"modified":"2025-10-15T16:53:27","modified_gmt":"2025-10-15T19:53:27","slug":"eleicao-cspp","status":"publish","type":"page","link":"https:\/\/sejuri.sc.gov.br\/en\/eleicao-cspp\/","title":{"rendered":"ELEI\u00c7\u00c3O &#8211; CSPP"},"content":{"rendered":"<h2><strong>ELEI\u00c7\u00c3O &#8211; CSPP<\/strong><\/h2>\n<style>.wp-show-posts-columns#wpsp-22766 {margin-left: -2em; }.wp-show-posts-columns#wpsp-22766 .wp-show-posts-inner {margin: 0 0 2em 2em; }<\/style><section id=\"wpsp-22766\" class=\"wp-show-posts\" style=\"\"><article class=\"wp-show-posts-single wpsp-clearfix post-23774 post type-post status-publish format-standard hentry category-eleicao-cspp\" itemtype=\"http:\/\/schema.org\/CreativeWork\" itemscope><div class=\"wp-show-posts-inner\" style=\"\">\t\t\t\t\t\t<header class=\"wp-show-posts-entry-header\">\n\t\t\t\t\t\t\t<h2 class=\"wp-show-posts-entry-title\" itemprop=\"headline\"><a href=\"https:\/\/sejuri.sc.gov.br\/en\/eleicao-cspp-2023\/\" rel=\"bookmark\">ELEI\u00c7\u00c3O CSPP &#8211; 2023<\/a><\/h2><div class=\"wp-show-posts-entry-meta wp-show-posts-entry-meta-below-title post-meta-inline\"><span class=\"wp-show-posts-posted-on wp-show-posts-meta\">\n\t\t\t\t\t<a href=\"https:\/\/sejuri.sc.gov.br\/en\/eleicao-cspp-2023\/\" title=\"11:24\" rel=\"bookmark\"><time class=\"wp-show-posts-entry-date published\" datetime=\"2026-01-26T11:24:51-03:00\" itemprop=\"datePublished\">26 de January de 2026<\/time><\/a>\n\t\t\t\t<\/span><\/div>\t\t\t\t\t\t<\/header><!-- .entry-header -->\n\t\t\t\t\t\t\t\t\t\t\t<div class=\"wp-show-posts-entry-summary\" itemprop=\"text\">\n\t\t\t\t\t\t\t<p>ELEI\u00c7\u00c3O CSPP &#8211; 2023 Edital da Elei\u00e7\u00e3o\/2023 Rela\u00e7\u00e3o das inscri\u00e7\u00f5es deferidas e\/ou indeferidas Resultado das Elei\u00e7\u00f5es<\/p>\n\t\t\t\t\t\t<\/div><!-- .entry-summary -->\n\t\t\t\t\t<\/div><!-- wp-show-posts-inner --><div class=\"wpsp-clear\"><\/div><\/article><article class=\"wp-show-posts-single wpsp-clearfix post-22764 post type-post status-publish format-standard hentry category-eleicao-cspp\" itemtype=\"http:\/\/schema.org\/CreativeWork\" itemscope><div class=\"wp-show-posts-inner\" style=\"\">\t\t\t\t\t\t<header class=\"wp-show-posts-entry-header\">\n\t\t\t\t\t\t\t<h2 class=\"wp-show-posts-entry-title\" itemprop=\"headline\"><a href=\"https:\/\/sejuri.sc.gov.br\/en\/eleicao-cspp-2025\/\" rel=\"bookmark\">ELEI\u00c7\u00c3O CSPP &#8211; 2025<\/a><\/h2><div class=\"wp-show-posts-entry-meta wp-show-posts-entry-meta-below-title post-meta-inline\"><span class=\"wp-show-posts-posted-on wp-show-posts-meta\">\n\t\t\t\t\t<a href=\"https:\/\/sejuri.sc.gov.br\/en\/eleicao-cspp-2025\/\" title=\"15:43\" rel=\"bookmark\"><time class=\"wp-show-posts-entry-date published\" datetime=\"2025-10-15T15:43:07-03:00\" itemprop=\"datePublished\">15 de October de 2025<\/time><time class=\"wp-show-posts-updated\" datetime=\"2026-01-26T14:21:56-03:00\" itemprop=\"dateModified\">26 de January de 2026<\/time><\/a>\n\t\t\t\t<\/span><\/div>\t\t\t\t\t\t<\/header><!-- .entry-header -->\n\t\t\t\t\t\t\t\t\t\t\t<div class=\"wp-show-posts-entry-summary\" itemprop=\"text\">\n\t\t\t\t\t\t\t<p>Edital da Elei\u00e7\u00e3o\/2025 Rela\u00e7\u00e3o das inscri\u00e7\u00f5es deferidas e\/ou indeferidas Homologa\u00e7\u00e3o das inscri\u00e7\u00f5es deferidas Informa\u00e7\u00e3o dos candidatos Resultado das Elei\u00e7\u00f5es<\/p>\n\t\t\t\t\t\t<\/div><!-- .entry-summary -->\n\t\t\t\t\t<\/div><!-- wp-show-posts-inner --><div class=\"wpsp-clear\"><\/div><\/article><\/section><!-- .wp-show-posts -->","protected":false},"excerpt":{"rendered":"<p>ELEI\u00c7\u00c3O &#8211; CSPP<\/p>","protected":false},"author":13,"featured_media":0,"parent":0,"menu_order":0,"comment_status":"closed","ping_status":"closed","template":"","meta":{"_monsterinsights_skip_tracking":false,"_monsterinsights_sitenote_active":false,"_monsterinsights_sitenote_note":"","_monsterinsights_sitenote_category":0,"footnotes":"","_wp_rev_ctl_limit":""},"categories":[1551],"tags":[],"publishpress_future_action":{"enabled":false,"date":"2026-04-17 06:43:54","action":"change-status","newStatus":"draft","terms":[],"taxonomy":"category"},"publishpress_future_workflow_manual_trigger":{"enabledWorkflows":[]},"_links":{"self":[{"href":"https:\/\/sejuri.sc.gov.br\/en\/wp-json\/wp\/v2\/pages\/22767"}],"collection":[{"href":"https:\/\/sejuri.sc.gov.br\/en\/wp-json\/wp\/v2\/pages"}],"about":[{"href":"https:\/\/sejuri.sc.gov.br\/en\/wp-json\/wp\/v2\/types\/page"}],"author":[{"embeddable":true,"href":"https:\/\/sejuri.sc.gov.br\/en\/wp-json\/wp\/v2\/users\/13"}],"replies":[{"embeddable":true,"href":"https:\/\/sejuri.sc.gov.br\/en\/wp-json\/wp\/v2\/comments?post=22767"}],"version-history":[{"count":0,"href":"https:\/\/sejuri.sc.gov.br\/en\/wp-json\/wp\/v2\/pages\/22767\/revisions"}],"wp:attachment":[{"href":"https:\/\/sejuri.sc.gov.br\/en\/wp-json\/wp\/v2\/media?parent=22767"}],"wp:term":[{"taxonomy":"category","embeddable":true,"href":"https:\/\/sejuri.sc.gov.br\/en\/wp-json\/wp\/v2\/categories?post=22767"},{"taxonomy":"post_tag","embeddable":true,"href":"https:\/\/sejuri.sc.gov.br\/en\/wp-json\/wp\/v2\/tags?post=22767"}],"curies":[{"name":"wp","href":"https:\/\/api.w.org\/{rel}","templated":true}]}}