{"id":22772,"date":"2025-10-15T16:53:17","date_gmt":"2025-10-15T19:53:17","guid":{"rendered":"https:\/\/sejuri.sc.gov.br\/?page_id=22772"},"modified":"2026-01-26T13:52:32","modified_gmt":"2026-01-26T16:52:32","slug":"sobre-o-cspp","status":"publish","type":"page","link":"https:\/\/sejuri.sc.gov.br\/en\/sobre-o-cspp\/","title":{"rendered":"SOBRE O CSPP"},"content":{"rendered":"<h2><strong>SOBRE O CONSELHO SUPERIOR DE POL\u00cdCIA PENAL &#8211; CSPP<\/strong><\/h2>\n<p>O Conselho Superior de Pol\u00edcia Penal &#8211; CSPP \u00e9 um \u00f3rg\u00e3o colegiado de delibera\u00e7\u00e3o do Departamento<br \/>\nde Pol\u00edcia Penal, destinado a orientar as atividades policiais penais e administrativas e a opinar sobre<br \/>\nassuntos de relev\u00e2ncia institucional. tendo como membros honor\u00e1rios, natos e eleitos:<br \/>\nI &#8211; na qualidade de membro honor\u00e1rio: Secret\u00e1rio da SAP;<br \/>\nII &#8211; na qualidade de membros natos:<br \/>\na) Diretor-Geral da Pol\u00edcia Penal;<br \/>\nb) Diretor-Geral Adjunto da Pol\u00edcia Penal;<br \/>\nc) Superintendentes Regionais;<br \/>\nd) Superintendente de Orienta\u00e7\u00e3o e Corre\u00e7\u00e3o;<br \/>\ne) Superintendente de Ensino e Forma\u00e7\u00e3o;<br \/>\nf) Superintendente de Intelig\u00eancia; e<br \/>\ng) Superintendente de Opera\u00e7\u00f5es;<br \/>\nIII &#8211; na qualidade de membros eleitos: 2 (dois) Policiais Penais est\u00e1veis indicados pela categoria, com<br \/>\nmandato de 2 (dois) anos, permitida uma recondu\u00e7\u00e3o.<br \/>\nA Presid\u00eancia do CSPP ser\u00e1 exercida pelo Diretor-Geral do DPP e, em sua aus\u00eancia e impedimentos,<br \/>\npelo Diretor-Geral Adjunto do DPP, que ocupar\u00e1 a Vice-Presid\u00eancia, secretariado pelo Chefe de<br \/>\nGabinete do DPP.<br \/>\nO CSPP tem como atribui\u00e7\u00e3o:<br \/>\nI &#8211; exercer encargos de natureza consultiva e assessoramento superior;<br \/>\nII &#8211; deliberar sobre temas de interesse institucional em tem\u00e1ticas gerais de gest\u00e3o e pol\u00edtica interna e<br \/>\nsobre mat\u00e9rias que lhe sejam submetidas pelo Diretor-Geral;<br \/>\nIII &#8211; opinar sobre a concess\u00e3o de progress\u00e3o extraordin\u00e1ria;<br \/>\nIV &#8211; deliberar sobre a concess\u00e3o de elogios a Policiais Penais em raz\u00e3o do exerc\u00edcio da atividade<br \/>\npolicial;<br \/>\nV &#8211; estudar, analisar e avaliar, quando solicitado pela SAP ou DGPP, programas e projetos de<br \/>\nsignificativa repercuss\u00e3o financeira atinentes \u00e0 expans\u00e3o de recursos humanos e \u00e0 aquisi\u00e7\u00e3o de<br \/>\nmateriais e equipamentos;<br \/>\nVI &#8211; propor medidas de aprimoramento t\u00e9cnico-profissional, visando ao desenvolvimento e \u00e0 efici\u00eancia<br \/>\ndo sistema penal;<br \/>\nVII &#8211; pronunciar-se sobre mat\u00e9ria relevante concernente a fun\u00e7\u00f5es, princ\u00edpios e condutas funcionais ou<br \/>\nparticulares dos servidores do sistema penal que causem reflexos ao DPP;<br \/>\nVIII &#8211; encaminhar expedientes \u00e0 Corregedoria-Geral da SAP, quando entender necess\u00e1rio;<br \/>\nIX &#8211; sugerir a realiza\u00e7\u00e3o de concursos para o ingresso na carreira policial penal;<br \/>\nX &#8211; baixar, anualmente, diretrizes de ensino para a execu\u00e7\u00e3o pela Academia Profissional;<br \/>\nXI &#8211; propor altera\u00e7\u00f5es no Regulamento do DPP;<br \/>\nXII &#8211; propor modifica\u00e7\u00f5es no Estatuto da PPSC;<br \/>\nXIII &#8211; emitir relat\u00f3rios trimestrais sobre a atividade policial penal no Estado de Santa Catarina; e<br \/>\nXIV &#8211; exercer outras compet\u00eancias previstas em lei ou regulamento.<\/p>","protected":false},"excerpt":{"rendered":"<p>SOBRE O CONSELHO SUPERIOR DE POL\u00cdCIA PENAL &#8211; CSPP O Conselho Superior de Pol\u00edcia Penal &#8211; CSPP \u00e9 um \u00f3rg\u00e3o colegiado de delibera\u00e7\u00e3o do Departamento de Pol\u00edcia Penal, destinado a orientar as atividades policiais penais e administrativas e a opinar sobre assuntos de relev\u00e2ncia institucional. tendo como membros honor\u00e1rios, natos e eleitos: I &#8211; na [&hellip;]<\/p>\n","protected":false},"author":13,"featured_media":0,"parent":0,"menu_order":0,"comment_status":"closed","ping_status":"closed","template":"","meta":{"_monsterinsights_skip_tracking":false,"_monsterinsights_sitenote_active":false,"_monsterinsights_sitenote_note":"","_monsterinsights_sitenote_category":0,"footnotes":"","_wp_rev_ctl_limit":""},"categories":[1551],"tags":[],"publishpress_future_action":{"enabled":false,"date":"2026-04-17 08:22:56","action":"change-status","newStatus":"draft","terms":[],"taxonomy":"category"},"publishpress_future_workflow_manual_trigger":{"enabledWorkflows":[]},"_links":{"self":[{"href":"https:\/\/sejuri.sc.gov.br\/en\/wp-json\/wp\/v2\/pages\/22772"}],"collection":[{"href":"https:\/\/sejuri.sc.gov.br\/en\/wp-json\/wp\/v2\/pages"}],"about":[{"href":"https:\/\/sejuri.sc.gov.br\/en\/wp-json\/wp\/v2\/types\/page"}],"author":[{"embeddable":true,"href":"https:\/\/sejuri.sc.gov.br\/en\/wp-json\/wp\/v2\/users\/13"}],"replies":[{"embeddable":true,"href":"https:\/\/sejuri.sc.gov.br\/en\/wp-json\/wp\/v2\/comments?post=22772"}],"version-history":[{"count":0,"href":"https:\/\/sejuri.sc.gov.br\/en\/wp-json\/wp\/v2\/pages\/22772\/revisions"}],"wp:attachment":[{"href":"https:\/\/sejuri.sc.gov.br\/en\/wp-json\/wp\/v2\/media?parent=22772"}],"wp:term":[{"taxonomy":"category","embeddable":true,"href":"https:\/\/sejuri.sc.gov.br\/en\/wp-json\/wp\/v2\/categories?post=22772"},{"taxonomy":"post_tag","embeddable":true,"href":"https:\/\/sejuri.sc.gov.br\/en\/wp-json\/wp\/v2\/tags?post=22772"}],"curies":[{"name":"wp","href":"https:\/\/api.w.org\/{rel}","templated":true}]}}