{"id":2601,"date":"2014-03-20T19:43:14","date_gmt":"2014-03-20T19:43:14","guid":{"rendered":"http:\/\/webdease2023.intranet.ciasc.gov.br\/2014\/03\/20\/casegrandeflorianopolis\/"},"modified":"2025-05-06T10:56:38","modified_gmt":"2025-05-06T13:56:38","slug":"casegrandeflorianopolis","status":"publish","type":"page","link":"https:\/\/sejuri.sc.gov.br\/en\/casegrandeflorianopolis\/","title":{"rendered":"Case Regional de S\u00e3o Jos\u00e9"},"content":{"rendered":"<h2>Case Regional de S\u00e3o Jos\u00e9<\/h2>\n<p><img fetchpriority=\"high\" decoding=\"async\" class=\"alignleft wp-image-1831\" src=\"https:\/\/www.sap.sc.gov.br\/wp-content\/uploads\/2018\/03\/DEASE_LOGO-1aa-258x300.jpeg\" alt=\"DEASE LOGO\" width=\"242\" height=\"281\" srcset=\"https:\/\/sejuri.sc.gov.br\/wp-content\/uploads\/2018\/03\/DEASE_LOGO-1aa-258x300.jpeg 258w, https:\/\/sejuri.sc.gov.br\/wp-content\/uploads\/2018\/03\/DEASE_LOGO-1aa.jpeg 368w\" sizes=\"(max-width: 242px) 100vw, 242px\" \/><\/p>\n<p style=\"line-height: normal; word-spacing: 0px; text-align: start; margin-top: 0cm; margin-right: 0cm; margin-bottom: 0.0001pt;\"><strong>Diretor:<\/strong>\u00a0 Artur Marques<\/p>\n<p style=\"line-height: normal; word-spacing: 0px; text-align: start; margin-top: 0cm; margin-right: 0cm; margin-bottom: 0.0001pt;\"><strong>Chefe de Seguran\u00e7a:\u00a0<\/strong>Rog\u00e9rio Fagundes<\/p>\n<p style=\"line-height: normal; word-spacing: 0px; text-align: start; margin-top: 0cm; margin-right: 0cm; margin-bottom: 0.0001pt;\"><strong>Fone:<\/strong> (48) 3665-9229<\/p>\n<p style=\"line-height: normal; word-spacing: 0px; text-align: start; margin-top: 0cm; margin-right: 0cm; margin-bottom: 0.0001pt;\"><strong>E-mail:<\/strong>\u00a0<a href=\"mailto:csr01@dease.sc.gov.br\">csr01@dease.sc.gov.br<\/a><\/p>\n<p style=\"line-height: normal; word-spacing: 0px; text-align: start; margin-top: 0cm; margin-right: 0cm; margin-bottom: 0.0001pt;\"><strong>Endere\u00e7o:\u00a0<\/strong>BR 101 &#8211; Km 202, N\u00b0 3697<\/p>\n<p style=\"line-height: normal; word-spacing: 0px; text-align: start; margin-top: 0cm; margin-right: 0cm; margin-bottom: 0.0001pt;\"><strong>Bairro:<\/strong>\u00a0Barreiros<\/p>\n<p style=\"line-height: normal; word-spacing: 0px; text-align: start; margin-top: 0cm; margin-right: 0cm; margin-bottom: 0.0001pt;\"><strong>Cidade:<\/strong>\u00a0S\u00e3o Jos\u00e9-SC<\/p>\n<p style=\"line-height: normal; word-spacing: 0px; text-align: start; margin-top: 0cm; margin-right: 0cm; margin-bottom: 0.0001pt;\"><strong>CEP:<\/strong>\u00a088111-000<\/p>","protected":false},"excerpt":{"rendered":"<p>Case Regional de S\u00e3o Jos\u00e9 Diretor:\u00a0 Artur Marques Chefe de Seguran\u00e7a:\u00a0Rog\u00e9rio Fagundes Fone: (48) 3665-9229 E-mail:\u00a0csr01@dease.sc.gov.br Endere\u00e7o:\u00a0BR 101 &#8211; Km 202, N\u00b0 3697 Bairro:\u00a0Barreiros Cidade:\u00a0S\u00e3o Jos\u00e9-SC CEP:\u00a088111-000<\/p>","protected":false},"author":8,"featured_media":0,"parent":0,"menu_order":7,"comment_status":"closed","ping_status":"closed","template":"","meta":{"_monsterinsights_skip_tracking":false,"_monsterinsights_sitenote_active":false,"_monsterinsights_sitenote_note":"","_monsterinsights_sitenote_category":0,"footnotes":"","_wp_rev_ctl_limit":""},"categories":[84],"tags":[],"publishpress_future_action":{"enabled":false,"date":"2026-04-10 15:25:18","action":"change-status","newStatus":"draft","terms":[],"taxonomy":"category"},"publishpress_future_workflow_manual_trigger":{"enabledWorkflows":[]},"_links":{"self":[{"href":"https:\/\/sejuri.sc.gov.br\/en\/wp-json\/wp\/v2\/pages\/2601"}],"collection":[{"href":"https:\/\/sejuri.sc.gov.br\/en\/wp-json\/wp\/v2\/pages"}],"about":[{"href":"https:\/\/sejuri.sc.gov.br\/en\/wp-json\/wp\/v2\/types\/page"}],"author":[{"embeddable":true,"href":"https:\/\/sejuri.sc.gov.br\/en\/wp-json\/wp\/v2\/users\/8"}],"replies":[{"embeddable":true,"href":"https:\/\/sejuri.sc.gov.br\/en\/wp-json\/wp\/v2\/comments?post=2601"}],"version-history":[{"count":0,"href":"https:\/\/sejuri.sc.gov.br\/en\/wp-json\/wp\/v2\/pages\/2601\/revisions"}],"wp:attachment":[{"href":"https:\/\/sejuri.sc.gov.br\/en\/wp-json\/wp\/v2\/media?parent=2601"}],"wp:term":[{"taxonomy":"category","embeddable":true,"href":"https:\/\/sejuri.sc.gov.br\/en\/wp-json\/wp\/v2\/categories?post=2601"},{"taxonomy":"post_tag","embeddable":true,"href":"https:\/\/sejuri.sc.gov.br\/en\/wp-json\/wp\/v2\/tags?post=2601"}],"curies":[{"name":"wp","href":"https:\/\/api.w.org\/{rel}","templated":true}]}}