{"id":2602,"date":"2014-03-20T20:00:19","date_gmt":"2014-03-20T20:00:19","guid":{"rendered":"http:\/\/webdease2023.intranet.ciasc.gov.br\/2014\/03\/20\/casechapeco\/"},"modified":"2025-05-06T10:52:46","modified_gmt":"2025-05-06T13:52:46","slug":"casechapeco","status":"publish","type":"page","link":"https:\/\/sejuri.sc.gov.br\/en\/casechapeco\/","title":{"rendered":"Case Regional de Chapec\u00f3"},"content":{"rendered":"<h2>Case Regional de Chapec\u00f3<\/h2>\n<p><a href=\"http:\/\/www.sap.sc.gov.br\/wp-content\/uploads\/2025\/01\/DEASE-Case-Regional-de-Chapeco-e-CIF-1-2-ED.jpg\"><img fetchpriority=\"high\" decoding=\"async\" class=\"aligncenter wp-image-20281 size-large\" src=\"http:\/\/www.sap.sc.gov.br\/wp-content\/uploads\/2025\/01\/DEASE-Case-Regional-de-Chapeco-e-CIF-1-2-ED-1024x640.jpg\" alt=\"\" width=\"696\" height=\"435\" srcset=\"https:\/\/sejuri.sc.gov.br\/wp-content\/uploads\/2025\/01\/DEASE-Case-Regional-de-Chapeco-e-CIF-1-2-ED-1024x640.jpg 1024w, https:\/\/sejuri.sc.gov.br\/wp-content\/uploads\/2025\/01\/DEASE-Case-Regional-de-Chapeco-e-CIF-1-2-ED-300x188.jpg 300w, https:\/\/sejuri.sc.gov.br\/wp-content\/uploads\/2025\/01\/DEASE-Case-Regional-de-Chapeco-e-CIF-1-2-ED-768x480.jpg 768w, https:\/\/sejuri.sc.gov.br\/wp-content\/uploads\/2025\/01\/DEASE-Case-Regional-de-Chapeco-e-CIF-1-2-ED.jpg 1280w\" sizes=\"(max-width: 696px) 100vw, 696px\" \/><\/a><\/p>\n<p style=\"margin-top: 1pt; margin-right: 0cm; margin-bottom: 1pt;\"><strong>Diretor:<\/strong> Jefferson Luiz Boneti<\/p>\n<p style=\"margin-top: 1pt; margin-right: 0cm; margin-bottom: 1pt;\"><strong>Chefe de Seguran\u00e7a:<\/strong> Valdecir Ant\u00f4nio Disner<\/p>\n<p style=\"margin-top: 1pt; margin-right: 0cm; margin-bottom: 1pt; orphans: 2; text-align: start; widows: 2; word-spacing: 0px;\"><strong>E-mail:<\/strong>\u00a0<a href=\"mailto:csr03@dease.sc.gov.br\">csr03@dease.sc.gov.br<\/a><\/p>\n<p style=\"margin-top: 1pt; margin-right: 0cm; margin-bottom: 1pt; orphans: 2; text-align: start; widows: 2; word-spacing: 0px;\"><strong>Fone:\u00a0<\/strong>(49) 2049-9650<\/p>\n<p style=\"margin-top: 1pt; margin-right: 0cm; margin-bottom: 1pt; orphans: 2; text-align: start; widows: 2; word-spacing: 0px;\"><strong>Endere\u00e7o:<\/strong>\u00a0Rua Alice Zuffo, n\u00ba 280-E<\/p>\n<p style=\"margin-top: 1pt; margin-right: 0cm; margin-bottom: 1pt; orphans: 2; text-align: start; widows: 2; word-spacing: 0px;\"><strong>Bairro:<\/strong> Efapi<\/p>\n<p style=\"margin-top: 1pt; margin-right: 0cm; margin-bottom: 1pt; orphans: 2; text-align: start; widows: 2; word-spacing: 0px;\"><strong>Cidade:<\/strong>\u00a0Chapec\u00f3-SC<\/p>\n<p style=\"margin-top: 1pt; margin-right: 0cm; margin-bottom: 1pt; orphans: 2; text-align: start; widows: 2; word-spacing: 0px;\"><strong>CEP:<\/strong>\u00a089809-876<\/p>","protected":false},"excerpt":{"rendered":"<p>Case Regional de Chapec\u00f3 Diretor: Jefferson Luiz Boneti Chefe de Seguran\u00e7a: Valdecir Ant\u00f4nio Disner E-mail:\u00a0csr03@dease.sc.gov.br Fone:\u00a0(49) 2049-9650 Endere\u00e7o:\u00a0Rua Alice Zuffo, n\u00ba 280-E Bairro: Efapi Cidade:\u00a0Chapec\u00f3-SC CEP:\u00a089809-876<\/p>","protected":false},"author":8,"featured_media":0,"parent":0,"menu_order":5,"comment_status":"closed","ping_status":"closed","template":"","meta":{"_monsterinsights_skip_tracking":false,"_monsterinsights_sitenote_active":false,"_monsterinsights_sitenote_note":"","_monsterinsights_sitenote_category":0,"footnotes":"","_wp_rev_ctl_limit":""},"categories":[84],"tags":[],"publishpress_future_action":{"enabled":false,"date":"2026-04-10 15:24:52","action":"change-status","newStatus":"draft","terms":[],"taxonomy":"category"},"publishpress_future_workflow_manual_trigger":{"enabledWorkflows":[]},"_links":{"self":[{"href":"https:\/\/sejuri.sc.gov.br\/en\/wp-json\/wp\/v2\/pages\/2602"}],"collection":[{"href":"https:\/\/sejuri.sc.gov.br\/en\/wp-json\/wp\/v2\/pages"}],"about":[{"href":"https:\/\/sejuri.sc.gov.br\/en\/wp-json\/wp\/v2\/types\/page"}],"author":[{"embeddable":true,"href":"https:\/\/sejuri.sc.gov.br\/en\/wp-json\/wp\/v2\/users\/8"}],"replies":[{"embeddable":true,"href":"https:\/\/sejuri.sc.gov.br\/en\/wp-json\/wp\/v2\/comments?post=2602"}],"version-history":[{"count":0,"href":"https:\/\/sejuri.sc.gov.br\/en\/wp-json\/wp\/v2\/pages\/2602\/revisions"}],"wp:attachment":[{"href":"https:\/\/sejuri.sc.gov.br\/en\/wp-json\/wp\/v2\/media?parent=2602"}],"wp:term":[{"taxonomy":"category","embeddable":true,"href":"https:\/\/sejuri.sc.gov.br\/en\/wp-json\/wp\/v2\/categories?post=2602"},{"taxonomy":"post_tag","embeddable":true,"href":"https:\/\/sejuri.sc.gov.br\/en\/wp-json\/wp\/v2\/tags?post=2602"}],"curies":[{"name":"wp","href":"https:\/\/api.w.org\/{rel}","templated":true}]}}