{"id":2631,"date":"2017-04-11T21:49:54","date_gmt":"2017-04-11T21:49:54","guid":{"rendered":"http:\/\/webdease2023.intranet.ciasc.gov.br\/2017\/04\/11\/cif-centro-de-internacao-feminina\/"},"modified":"2025-06-18T10:40:18","modified_gmt":"2025-06-18T13:40:18","slug":"cif-centro-de-internacao-feminina","status":"publish","type":"page","link":"https:\/\/sejuri.sc.gov.br\/en\/cif-centro-de-internacao-feminina\/","title":{"rendered":"CIF de Chapec\u00f3"},"content":{"rendered":"<h2>CIF de Chapec\u00f3<\/h2>\n<p><a href=\"http:\/\/www.sap.sc.gov.br\/wp-content\/uploads\/2025\/01\/DEASE-Case-Regional-de-Chapeco-e-CIF-1.jpeg\"><img fetchpriority=\"high\" decoding=\"async\" class=\"aligncenter wp-image-20291 size-large\" src=\"http:\/\/www.sap.sc.gov.br\/wp-content\/uploads\/2025\/01\/DEASE-Case-Regional-de-Chapeco-e-CIF-1-1024x768.jpeg\" alt=\"\" width=\"696\" height=\"522\" srcset=\"https:\/\/sejuri.sc.gov.br\/wp-content\/uploads\/2025\/01\/DEASE-Case-Regional-de-Chapeco-e-CIF-1-1024x768.jpeg 1024w, https:\/\/sejuri.sc.gov.br\/wp-content\/uploads\/2025\/01\/DEASE-Case-Regional-de-Chapeco-e-CIF-1-300x225.jpeg 300w, https:\/\/sejuri.sc.gov.br\/wp-content\/uploads\/2025\/01\/DEASE-Case-Regional-de-Chapeco-e-CIF-1-768x576.jpeg 768w, https:\/\/sejuri.sc.gov.br\/wp-content\/uploads\/2025\/01\/DEASE-Case-Regional-de-Chapeco-e-CIF-1-1536x1152.jpeg 1536w, https:\/\/sejuri.sc.gov.br\/wp-content\/uploads\/2025\/01\/DEASE-Case-Regional-de-Chapeco-e-CIF-1.jpeg 1600w\" sizes=\"(max-width: 696px) 100vw, 696px\" \/><\/a><\/p>\n<p style=\"line-height: normal; margin-top: 1pt; margin-right: 0cm; margin-bottom: 1pt;\"><strong>Diretor:<\/strong> Jefferson Luiz Boneti<\/p>\n<p style=\"line-height: normal; margin-top: 1pt; margin-right: 0cm; margin-bottom: 1pt;\"><strong>Coordenadora de Seguran\u00e7a<\/strong>: Ang\u00e9lica Pavin<\/p>\n<p style=\"line-height: normal; margin-top: 1pt; margin-right: 0cm; margin-bottom: 1pt;\"><strong>Fone:\u00a0<\/strong>(49) 2049-9649<\/p>\n<p style=\"line-height: normal; margin-top: 1pt; margin-right: 0cm; margin-bottom: 1pt;\"><strong>E-mail:<\/strong>\u00a0<a href=\"mailto:cif02@dease.sc.gov.br\">cif02@dease.sc.gov.br<\/a><\/p>\n<p style=\"line-height: normal; margin-top: 1pt; margin-right: 0cm; margin-bottom: 1pt;\"><strong>Endere\u00e7o:<\/strong>\u00a0Rua Alice Zuffo, n\u00ba 280-E<\/p>\n<p style=\"line-height: normal; margin-top: 1pt; margin-right: 0cm; margin-bottom: 1pt;\"><strong>Bairro:<\/strong> Efapi<\/p>\n<p style=\"line-height: normal; margin-top: 1pt; margin-right: 0cm; margin-bottom: 1pt;\"><strong>Cidade:<\/strong>\u00a0Chapec\u00f3-SC<\/p>\n<p style=\"line-height: normal; margin-top: 1pt; margin-right: 0cm; margin-bottom: 1pt;\"><strong>CEP:<\/strong>\u00a089809-500<\/p>","protected":false},"excerpt":{"rendered":"<p>CIF de Chapec\u00f3 Diretor: Jefferson Luiz Boneti Coordenadora de Seguran\u00e7a: Ang\u00e9lica Pavin Fone:\u00a0(49) 2049-9649 E-mail:\u00a0cif02@dease.sc.gov.br Endere\u00e7o:\u00a0Rua Alice Zuffo, n\u00ba 280-E Bairro: Efapi Cidade:\u00a0Chapec\u00f3-SC CEP:\u00a089809-500<\/p>","protected":false},"author":8,"featured_media":0,"parent":0,"menu_order":1,"comment_status":"closed","ping_status":"closed","template":"","meta":{"_monsterinsights_skip_tracking":false,"_monsterinsights_sitenote_active":false,"_monsterinsights_sitenote_note":"","_monsterinsights_sitenote_category":0,"footnotes":"","_wp_rev_ctl_limit":""},"categories":[87],"tags":[],"publishpress_future_action":{"enabled":false,"date":"2026-04-10 13:37:07","action":"change-status","newStatus":"draft","terms":[],"taxonomy":"category"},"publishpress_future_workflow_manual_trigger":{"enabledWorkflows":[]},"_links":{"self":[{"href":"https:\/\/sejuri.sc.gov.br\/en\/wp-json\/wp\/v2\/pages\/2631"}],"collection":[{"href":"https:\/\/sejuri.sc.gov.br\/en\/wp-json\/wp\/v2\/pages"}],"about":[{"href":"https:\/\/sejuri.sc.gov.br\/en\/wp-json\/wp\/v2\/types\/page"}],"author":[{"embeddable":true,"href":"https:\/\/sejuri.sc.gov.br\/en\/wp-json\/wp\/v2\/users\/8"}],"replies":[{"embeddable":true,"href":"https:\/\/sejuri.sc.gov.br\/en\/wp-json\/wp\/v2\/comments?post=2631"}],"version-history":[{"count":0,"href":"https:\/\/sejuri.sc.gov.br\/en\/wp-json\/wp\/v2\/pages\/2631\/revisions"}],"wp:attachment":[{"href":"https:\/\/sejuri.sc.gov.br\/en\/wp-json\/wp\/v2\/media?parent=2631"}],"wp:term":[{"taxonomy":"category","embeddable":true,"href":"https:\/\/sejuri.sc.gov.br\/en\/wp-json\/wp\/v2\/categories?post=2631"},{"taxonomy":"post_tag","embeddable":true,"href":"https:\/\/sejuri.sc.gov.br\/en\/wp-json\/wp\/v2\/tags?post=2631"}],"curies":[{"name":"wp","href":"https:\/\/api.w.org\/{rel}","templated":true}]}}