{"id":2716,"date":"2019-08-23T16:46:36","date_gmt":"2019-08-23T16:46:36","guid":{"rendered":"http:\/\/webdease2023.intranet.ciasc.gov.br\/2019\/08\/23\/case-de-itajai\/"},"modified":"2025-01-10T13:31:34","modified_gmt":"2025-01-10T16:31:34","slug":"case-de-itajai","status":"publish","type":"page","link":"https:\/\/sejuri.sc.gov.br\/en\/case-de-itajai\/","title":{"rendered":"Case de Itaja\u00ed"},"content":{"rendered":"<h2>Case de Itaja\u00ed<\/h2>\n<p><a href=\"http:\/\/www.sap.sc.gov.br\/wp-content\/uploads\/2025\/01\/DEASE-Case-de-Itajai-2-ED.jpg\"><img fetchpriority=\"high\" decoding=\"async\" class=\"aligncenter wp-image-20276 size-large\" src=\"http:\/\/www.sap.sc.gov.br\/wp-content\/uploads\/2025\/01\/DEASE-Case-de-Itajai-2-ED-1024x640.jpg\" alt=\"\" width=\"696\" height=\"435\" srcset=\"https:\/\/sejuri.sc.gov.br\/wp-content\/uploads\/2025\/01\/DEASE-Case-de-Itajai-2-ED-1024x640.jpg 1024w, https:\/\/sejuri.sc.gov.br\/wp-content\/uploads\/2025\/01\/DEASE-Case-de-Itajai-2-ED-300x188.jpg 300w, https:\/\/sejuri.sc.gov.br\/wp-content\/uploads\/2025\/01\/DEASE-Case-de-Itajai-2-ED-768x480.jpg 768w, https:\/\/sejuri.sc.gov.br\/wp-content\/uploads\/2025\/01\/DEASE-Case-de-Itajai-2-ED.jpg 1280w\" sizes=\"(max-width: 696px) 100vw, 696px\" \/><\/a><\/p>\n<p style=\"line-height: normal; word-spacing: 0px; text-align: start; margin-top: 1pt; margin-right: 0cm; margin-bottom: 1pt;\"><strong>Diretor: <\/strong>Francin\u00eat Cirilo Silva<\/p>\n<p style=\"line-height: normal; word-spacing: 0px; text-align: start; margin-top: 1pt; margin-right: 0cm; margin-bottom: 1pt;\"><strong>Chefe de Seguran\u00e7a: <\/strong>Juliano dos Santos Ferreira<\/p>\n<p style=\"line-height: normal; word-spacing: 0px; text-align: start; margin-top: 1pt; margin-right: 0cm; margin-bottom: 1pt;\"><strong>E-mail:\u00a0<\/strong><a href=\"mailto:case02@dease.sc.gov.br\">case02@dease.sc.gov.br<\/a><\/p>\n<p style=\"line-height: normal; word-spacing: 0px; text-align: start; margin-top: 1pt; margin-right: 0cm; margin-bottom: 1pt;\"><strong>Fone:\u00a0<\/strong>(47) 3398-6779\/ (47) 3398-6778<\/p>\n<p style=\"line-height: normal; word-spacing: 0px; text-align: start; margin-top: 1pt; margin-right: 0cm; margin-bottom: 1pt;\"><strong>Endere\u00e7o:<\/strong>\u00a0Rua das Hort\u00eancias, n\u00b0 184<\/p>\n<p style=\"line-height: normal; word-spacing: 0px; text-align: start; margin-top: 1pt; margin-right: 0cm; margin-bottom: 1pt;\"><strong>Bairro:<\/strong>\u00a0Cidade Nova<\/p>\n<p style=\"line-height: normal; word-spacing: 0px; text-align: start; margin-top: 1pt; margin-right: 0cm; margin-bottom: 1pt;\"><strong>Cidade:<\/strong>\u00a0Itaja\u00ed-SC<\/p>\n<p style=\"line-height: normal; word-spacing: 0px; text-align: start; margin-top: 1pt; margin-right: 0cm; margin-bottom: 1pt;\"><strong>CEP:<\/strong>\u00a088308-080<\/p>","protected":false},"excerpt":{"rendered":"<p>Case de Itaja\u00ed Diretor: Francin\u00eat Cirilo Silva Chefe de Seguran\u00e7a: Juliano dos Santos Ferreira E-mail:\u00a0case02@dease.sc.gov.br Fone:\u00a0(47) 3398-6779\/ (47) 3398-6778 Endere\u00e7o:\u00a0Rua das Hort\u00eancias, n\u00b0 184 Bairro:\u00a0Cidade Nova Cidade:\u00a0Itaja\u00ed-SC CEP:\u00a088308-080<\/p>","protected":false},"author":8,"featured_media":0,"parent":0,"menu_order":2,"comment_status":"closed","ping_status":"closed","template":"template-fullwidth.php","meta":{"_monsterinsights_skip_tracking":false,"_monsterinsights_sitenote_active":false,"_monsterinsights_sitenote_note":"","_monsterinsights_sitenote_category":0,"footnotes":"","_wp_rev_ctl_limit":""},"categories":[84],"tags":[],"publishpress_future_action":{"enabled":false,"date":"2026-04-10 15:25:20","action":"change-status","newStatus":"draft","terms":[],"taxonomy":"category"},"publishpress_future_workflow_manual_trigger":{"enabledWorkflows":[]},"_links":{"self":[{"href":"https:\/\/sejuri.sc.gov.br\/en\/wp-json\/wp\/v2\/pages\/2716"}],"collection":[{"href":"https:\/\/sejuri.sc.gov.br\/en\/wp-json\/wp\/v2\/pages"}],"about":[{"href":"https:\/\/sejuri.sc.gov.br\/en\/wp-json\/wp\/v2\/types\/page"}],"author":[{"embeddable":true,"href":"https:\/\/sejuri.sc.gov.br\/en\/wp-json\/wp\/v2\/users\/8"}],"replies":[{"embeddable":true,"href":"https:\/\/sejuri.sc.gov.br\/en\/wp-json\/wp\/v2\/comments?post=2716"}],"version-history":[{"count":0,"href":"https:\/\/sejuri.sc.gov.br\/en\/wp-json\/wp\/v2\/pages\/2716\/revisions"}],"wp:attachment":[{"href":"https:\/\/sejuri.sc.gov.br\/en\/wp-json\/wp\/v2\/media?parent=2716"}],"wp:term":[{"taxonomy":"category","embeddable":true,"href":"https:\/\/sejuri.sc.gov.br\/en\/wp-json\/wp\/v2\/categories?post=2716"},{"taxonomy":"post_tag","embeddable":true,"href":"https:\/\/sejuri.sc.gov.br\/en\/wp-json\/wp\/v2\/tags?post=2716"}],"curies":[{"name":"wp","href":"https:\/\/api.w.org\/{rel}","templated":true}]}}